{"id":294,"date":"2022-09-05T13:32:41","date_gmt":"2022-09-05T11:32:41","guid":{"rendered":"http:\/\/revoxnewlife.com\/?page_id=294"},"modified":"2024-11-05T11:03:04","modified_gmt":"2024-11-05T10:03:04","slug":"revox-b77","status":"publish","type":"page","link":"https:\/\/revoxnewlife.com\/en\/revox-tape-machines\/revox-b77\/","title":{"rendered":"Revox B77"},"content":{"rendered":"<h1>Revox B77<\/h1>\n<p>Die B77 kann wird seitens der Produktevolution als Weiterentwicklung der A77 angesehen. Die elektronischen Schaltungen auf den Steckmodulen wurden mit kontaktsicheren Reihensteckverbindern versehen. Die Laufwerksteuerung wurde gegen Fehlbedienungen wesentlich verbessert. Der mechanische Aufbau wurde nochmals verbessert und noch servicefreundlicher. Die Modulbauweise und die leichte Zug\u00e4nglichkeit zu den einzelnen Komponenten verringert den Zeitaufwand f\u00fcr Wartung und Revidierung. Bei der B77 macht es schon Spa\u00df, wenn die Maschine vom Geh\u00e4use befreit wird. Die B77 wurde \u00fcberwiegend in 2-Spurtechnik gebaut, 4 Spur ist relativ selten zu bekommen. Bei mir kann man ausw\u00e4hlen, welche Spur-Variante man haben m\u00f6chte.<\/p>\n\t<div class=\"img has-hover x md-x lg-x y md-y lg-y\" id=\"image_1601929929\">\n\t\t\t\t\t\t\t\t<div class=\"img-inner dark\" >\n\t\t\t<img loading=\"lazy\" decoding=\"async\" width=\"600\" height=\"450\" src=\"https:\/\/revoxnewlife.com\/wp-content\/uploads\/2022\/09\/B77_Aufmacher.jpg\" class=\"attachment-large size-large\" alt=\"\" srcset=\"https:\/\/revoxnewlife.com\/wp-content\/uploads\/2022\/09\/B77_Aufmacher.jpg 600w, https:\/\/revoxnewlife.com\/wp-content\/uploads\/2022\/09\/B77_Aufmacher-533x400.jpg 533w, https:\/\/revoxnewlife.com\/wp-content\/uploads\/2022\/09\/B77_Aufmacher-16x12.jpg 16w\" sizes=\"auto, (max-width: 600px) 100vw, 600px\" \/>\t\t\t\t\t\t\n\t\t\t\t\t<\/div>\n\t\t\t\t\t\t\t\t\n<style>\n#image_1601929929 {\n  width: 100%;\n}\n<\/style>\n\t<\/div>","protected":false},"excerpt":{"rendered":"<p>Revox B77 In terms of product evolution, the B77 can be seen as a further development of the A77. The electronic circuits on the plug-in modules were fitted with contact-safe series connectors. The drive control has been significantly improved against operating errors. The mechanical structure has been improved again and is even more service-friendly. The modular design and the easy accessibility to the individual components reduce the time required for [\u2026]","protected":false},"author":1,"featured_media":0,"parent":154,"menu_order":0,"comment_status":"closed","ping_status":"closed","template":"","meta":{"footnotes":""},"class_list":["post-294","page","type-page","status-publish","hentry"],"_links":{"self":[{"href":"https:\/\/revoxnewlife.com\/en\/wp-json\/wp\/v2\/pages\/294","targetHints":{"allow":["GET"]}}],"collection":[{"href":"https:\/\/revoxnewlife.com\/en\/wp-json\/wp\/v2\/pages"}],"about":[{"href":"https:\/\/revoxnewlife.com\/en\/wp-json\/wp\/v2\/types\/page"}],"author":[{"embeddable":true,"href":"https:\/\/revoxnewlife.com\/en\/wp-json\/wp\/v2\/users\/1"}],"replies":[{"embeddable":true,"href":"https:\/\/revoxnewlife.com\/en\/wp-json\/wp\/v2\/comments?post=294"}],"version-history":[{"count":8,"href":"https:\/\/revoxnewlife.com\/en\/wp-json\/wp\/v2\/pages\/294\/revisions"}],"predecessor-version":[{"id":438,"href":"https:\/\/revoxnewlife.com\/en\/wp-json\/wp\/v2\/pages\/294\/revisions\/438"}],"up":[{"embeddable":true,"href":"https:\/\/revoxnewlife.com\/en\/wp-json\/wp\/v2\/pages\/154"}],"wp:attachment":[{"href":"https:\/\/revoxnewlife.com\/en\/wp-json\/wp\/v2\/media?parent=294"}],"curies":[{"name":"wp","href":"https:\/\/api.w.org\/{rel}","templated":true}]}}